{"id":368,"date":"2022-09-01T16:26:24","date_gmt":"2022-09-01T14:26:24","guid":{"rendered":"https:\/\/orfou.team8.ch\/home\/"},"modified":"2024-08-27T09:43:11","modified_gmt":"2024-08-27T07:43:11","slug":"home","status":"publish","type":"page","link":"https:\/\/orfou.team8.ch\/en\/","title":{"rendered":"Home"},"content":{"rendered":"<section class=\"l-section wpb_row height_small\"><div class=\"l-section-h i-cf\"><div class=\"g-cols vc_row via_grid cols_1 laptops-cols_inherit tablets-cols_inherit mobiles-cols_1 valign_top type_default stacking_default\"><div class=\"wpb_column vc_column_container\"><div class=\"vc_column-inner\"><div class=\"wpb_text_column us_custom_6d77e64b\"><div class=\"wpb_wrapper\"><h2>Herzlich willkommen im Atelier orfou.<\/h2>\n<h3>Sie wollen Ihr langgehegtes Schmuck-Projekt umsetzen lassen oder es sogar selbst herstellen?<\/h3>\n<\/div><\/div><\/div><\/div><\/div><\/div><\/section><section class=\"l-section wpb_row height_small\"><div class=\"l-section-h i-cf\"><div class=\"g-cols vc_row via_grid cols_1 laptops-cols_inherit tablets-cols_inherit mobiles-cols_1 valign_top type_default stacking_default\"><div class=\"wpb_column vc_column_container\"><div class=\"vc_column-inner\"><div class=\"g-cols wpb_row via_grid cols_2 laptops-cols_inherit tablets-cols_inherit mobiles-cols_1 valign_top type_default stacking_default\" style=\"--gap:3rem;\"><div class=\"wpb_column vc_column_container us_custom_edeba778\"><div class=\"vc_column-inner\"><div class=\"wpb_text_column\"><div class=\"wpb_wrapper\"><p>Dann sind sie in meiner Goldschmiede-Werkst\u00e4tte, mit Namen orfou, genau richtig.<\/p>\n<p>Das Kunstwort \u00aborfou\u00bb beinhaltet all das, was die Herkunft, die Verarbeitung, die Bedeutung und die Ausstrahlung von Gold ausmacht.<\/p>\n<p>OR &#8211; Gold ist ein Edelmetall, das chemische Element Nr. 79<\/p>\n<p>FOU \u2013 beschreibt einen Zustand neben der Norm<\/p>\n<p>Seit \u00fcber 6000 Jahren wird Gold von Menschen verwendet, um Schmuck und Objekte herzustellen. Dabei ist es beinahe endlos verform- und reziklierbar. Und der Zauber der Goldschmiedekunst bleibt \u00fcber Jahrtausende erhalten.<\/p>\n<\/div><\/div><div class=\"w-tabs mehr style_default switch_click accordion remove_indents\" style=\"--sections-title-size:inherit\"><div class=\"w-tabs-sections titles-align_none icon_none\"><div class=\"w-tabs-section\" id=\"cc54\"><button class=\"w-tabs-section-header\" aria-controls=\"content-cc54\" aria-expanded=\"false\"><div class=\"w-tabs-section-title\">mehr<\/div><div class=\"w-tabs-section-control\"><\/div><\/button><div  class=\"w-tabs-section-content\" id=\"content-cc54\"><div class=\"w-tabs-section-content-h i-cf\"><div class=\"wpb_text_column\"><div class=\"wpb_wrapper\"><p>Alles, was mit Gold zu tun hat, ist aussergew\u00f6hnlich und verspricht uneingeschr\u00e4nkte M\u00f6glichkeiten, dies mit Blick auf die Verarbeitung sowie den vermeintlichen Reichtum, der T\u00fcr und Tor \u00f6ffnen soll. Die Bewertung des Metalles durch unsere Finanzsysteme l\u00e4sst es tragischerweise gleich auch wieder unter der Erde, im Tresor, verschwinden.<\/p>\n<p>Das Sch\u00fcrfen, das Handeln, das Verarbeiten, das Erstehen und das Besitzen von Gold kann extrem gegens\u00e4tzliche Auswirkungen auf die Natur und uns Menschen haben.<\/p>\n<p>Von abgrundtiefen Leid bis zur ekstatischen Freude ist im Umgang mit Gold alles an Emotionen m\u00f6glich.<\/p>\n<p>So ist es stets irgendwie von der Norm abweichend, verschoben, ver-r\u00fcckt, fou!<\/p>\n<p><em>Oder ist es vielmehr so, dass Gold mit seinen aussergew\u00f6hnlichen Eigenschaften und dem was es im Menschen ausl\u00f6st, normal ist, und damit die Definition der Normalit\u00e4t in Frage stellt?<\/em><\/p>\n<p>Es ist unabdingbar dem Gold und allen unseren Elementen mit Respekt und Verstand zu begegnen.<\/p>\n<h2>Links<\/h2>\n<p><a href=\"#\" target=\"_blank\" rel=\"noopener\">www.irgend\u00f6ppis.ch<\/a><br \/>\n<a href=\"#\" target=\"_blank\" rel=\"noopener\">www.kreativbisabachabe.ch<\/a><br \/>\n<a href=\"#\" target=\"_blank\" rel=\"noopener\">www.superman.com<\/a><\/p>\n<\/div><\/div><\/div><\/div><\/div><\/div><\/div><\/div><\/div><div class=\"wpb_column vc_column_container us_custom_edeba778\"><div class=\"vc_column-inner\"><div class=\"w-image align_none\"><div class=\"w-image-h\"><img decoding=\"async\" width=\"1024\" height=\"768\" src=\"https:\/\/orfou.team8.ch\/wp-content\/uploads\/2022\/09\/UNADJUSTEDNONRAW_thumb_1c4f.jpg\" class=\"attachment-large size-large\" alt=\"\" loading=\"lazy\" srcset=\"https:\/\/orfou.team8.ch\/wp-content\/uploads\/2022\/09\/UNADJUSTEDNONRAW_thumb_1c4f.jpg 1024w, https:\/\/orfou.team8.ch\/wp-content\/uploads\/2022\/09\/UNADJUSTEDNONRAW_thumb_1c4f-300x225.jpg 300w\" sizes=\"auto, (max-width: 1024px) 100vw, 1024px\" \/><\/div><\/div><\/div><\/div><\/div><div class=\"w-separator size_small\"><\/div><\/div><\/div><\/div><\/div><\/section>\n","protected":false},"excerpt":{"rendered":"Herzlich willkommen im Atelier orfou. Sie wollen Ihr langgehegtes Schmuck-Projekt umsetzen lassen oder es sogar selbst herstellen? Dann sind sie in meiner Goldschmiede-Werkst\u00e4tte, mit Namen orfou, genau richtig. Das Kunstwort \u00aborfou\u00bb beinhaltet all das, was die Herkunft, die Verarbeitung, die Bedeutung und die Ausstrahlung von Gold ausmacht. OR &#8211; Gold ist ein Edelmetall, das chemische...","protected":false},"author":1,"featured_media":346,"parent":0,"menu_order":0,"comment_status":"closed","ping_status":"closed","template":"","meta":{"footnotes":""},"class_list":["post-368","page","type-page","status-publish","has-post-thumbnail","hentry"],"_links":{"self":[{"href":"https:\/\/orfou.team8.ch\/en\/wp-json\/wp\/v2\/pages\/368","targetHints":{"allow":["GET"]}}],"collection":[{"href":"https:\/\/orfou.team8.ch\/en\/wp-json\/wp\/v2\/pages"}],"about":[{"href":"https:\/\/orfou.team8.ch\/en\/wp-json\/wp\/v2\/types\/page"}],"author":[{"embeddable":true,"href":"https:\/\/orfou.team8.ch\/en\/wp-json\/wp\/v2\/users\/1"}],"replies":[{"embeddable":true,"href":"https:\/\/orfou.team8.ch\/en\/wp-json\/wp\/v2\/comments?post=368"}],"version-history":[{"count":54,"href":"https:\/\/orfou.team8.ch\/en\/wp-json\/wp\/v2\/pages\/368\/revisions"}],"predecessor-version":[{"id":1335,"href":"https:\/\/orfou.team8.ch\/en\/wp-json\/wp\/v2\/pages\/368\/revisions\/1335"}],"wp:featuredmedia":[{"embeddable":true,"href":"https:\/\/orfou.team8.ch\/en\/wp-json\/wp\/v2\/media\/346"}],"wp:attachment":[{"href":"https:\/\/orfou.team8.ch\/en\/wp-json\/wp\/v2\/media?parent=368"}],"curies":[{"name":"wp","href":"https:\/\/api.w.org\/{rel}","templated":true}]}}